{"id":3,"date":"2026-01-08T09:18:55","date_gmt":"2026-01-08T09:18:55","guid":{"rendered":"https:\/\/nativo.homes\/?page_id=3"},"modified":"2026-01-08T15:05:42","modified_gmt":"2026-01-08T14:05:42","slug":"polica-privatnosti","status":"publish","type":"page","link":"https:\/\/klasiko.homes\/hu\/polica-privatnosti\/","title":{"rendered":"Adatv\u00e9delmi ir\u00e1nyelvek"},"content":{"rendered":"<h2 class=\"wp-block-heading\">Kik vagyunk<\/h2>\n\n\n<p><strong class=\"privacy-policy-tutorial\">Javasolt sz\u00f6veg: <\/strong>Weboldalunk c\u00edme: https:\/\/klasiko.homes.<\/p>\n\n\n<h2 class=\"wp-block-heading\">Hozz\u00e1sz\u00f3l\u00e1sok<\/h2>\n\n\n<p><strong class=\"privacy-policy-tutorial\">Javasolt sz\u00f6veg: <\/strong>Amikor a l\u00e1togat\u00f3k hozz\u00e1sz\u00f3l\u00e1st hagynak az oldalon, \u00f6sszegy\u0171jtj\u00fck a hozz\u00e1sz\u00f3l\u00e1si \u0171rlapon megjelen\u00edtett adatokat, valamint a l\u00e1togat\u00f3 IP-c\u00edm\u00e9t \u00e9s b\u00f6ng\u00e9sz\u0151j\u00e9nek felhaszn\u00e1l\u00f3i \u00fcgyn\u00f6k karakterl\u00e1nc\u00e1t a spam \u00e9szlel\u00e9s\u00e9nek el\u0151seg\u00edt\u00e9se \u00e9rdek\u00e9ben.<\/p>\n\n\n<p>Az e-mail c\u00edmedb\u0151l l\u00e9trehozott anonim karakterl\u00e1nc (m\u00e1s n\u00e9ven hash) \u00e1tadhat\u00f3 a Gravatar szolg\u00e1ltat\u00e1snak, hogy kider\u00fclj\u00f6n, haszn\u00e1lod-e azt. A Gravatar szolg\u00e1ltat\u00e1s adatv\u00e9delmi szab\u00e1lyzata itt \u00e9rhet\u0151 el: https:\/\/automattic.com\/privacy\/. A hozz\u00e1sz\u00f3l\u00e1sod j\u00f3v\u00e1hagy\u00e1sa ut\u00e1n a profilk\u00e9ped nyilv\u00e1nosan l\u00e1that\u00f3v\u00e1 v\u00e1lik a hozz\u00e1sz\u00f3l\u00e1sod kontextus\u00e1ban.<\/p>\n\n\n<h2 class=\"wp-block-heading\">M\u00e9dia<\/h2>\n\n\n<p><strong class=\"privacy-policy-tutorial\">Javasolt sz\u00f6veg: <\/strong>Ha k\u00e9peket t\u00f6lt fel a weboldalra, ker\u00fclje a be\u00e1gyazott helyadatokat (EXIF GPS) tartalmaz\u00f3 k\u00e9pek felt\u00f6lt\u00e9s\u00e9t. A weboldal l\u00e1togat\u00f3i let\u00f6lthetik \u00e9s kinyerhetik a helyadatokat a weboldalon tal\u00e1lhat\u00f3 k\u00e9pekb\u0151l.<\/p>\n\n\n<h2 class=\"wp-block-heading\">S\u00fctik<\/h2>\n\n\n<p><strong class=\"privacy-policy-tutorial\">Javasolt sz\u00f6veg: <\/strong>Ha hozz\u00e1sz\u00f3l\u00e1st hagy oldalunkon, feliratkozhat arra, hogy a nev\u00e9t, e-mail c\u00edm\u00e9t \u00e9s weboldal\u00e1t s\u00fctikben t\u00e1roljuk. Ezek az \u00d6n k\u00e9nyelm\u00e9t szolg\u00e1lj\u00e1k, hogy ne kelljen \u00fajra megadnia adatait, amikor egy m\u00e1sik hozz\u00e1sz\u00f3l\u00e1st hagy. Ezek a s\u00fctik egy \u00e9vig \u00e9rv\u00e9nyesek.<\/p>\n\n\n<p>Ha ell\u00e1togat a bejelentkez\u00e9si oldalunkra, akkor egy ideiglenes s\u00fctit \u00e1ll\u00edtunk be annak meg\u00e1llap\u00edt\u00e1s\u00e1ra, hogy a b\u00f6ng\u00e9sz\u0151je elfogadja-e a s\u00fctiket. Ez a s\u00fcti nem tartalmaz szem\u00e9lyes adatokat, \u00e9s a b\u00f6ng\u00e9sz\u0151 bez\u00e1r\u00e1sakor t\u00f6rl\u0151dik.<\/p>\n\n\n<p>Bejelentkez\u00e9skor sz\u00e1mos s\u00fctit is be\u00e1ll\u00edtunk a bejelentkez\u00e9si adataid \u00e9s a k\u00e9perny\u0151megjelen\u00edt\u00e9si be\u00e1ll\u00edt\u00e1said ment\u00e9s\u00e9re. A bejelentkez\u00e9si s\u00fctik k\u00e9t napig, a k\u00e9perny\u0151be\u00e1ll\u00edt\u00e1si s\u00fctik pedig egy \u00e9vig \u00e9rv\u00e9nyesek. Ha a \"Eml\u00e9kezz r\u00e1m\" lehet\u0151s\u00e9get v\u00e1lasztod, a bejelentkez\u00e9sed k\u00e9t h\u00e9tig megmarad. Ha kijelentkezel a fi\u00f3kodb\u00f3l, a bejelentkez\u00e9si s\u00fctik elt\u00e1vol\u00edt\u00e1sra ker\u00fclnek.<\/p>\n\n\n<p>Ha szerkesztesz vagy k\u00f6zz\u00e9teszel egy cikket, egy tov\u00e1bbi s\u00fcti ker\u00fcl ment\u00e9sre a b\u00f6ng\u00e9sz\u0151dben. Ez a s\u00fcti nem tartalmaz szem\u00e9lyes adatokat, \u00e9s egyszer\u0171en az \u00e9ppen szerkesztett cikk bejegyz\u00e9sazonos\u00edt\u00f3j\u00e1t jelzi. 1 nap ut\u00e1n lej\u00e1r.<\/p>\n\n\n<h2 class=\"wp-block-heading\">Be\u00e1gyazott tartalom m\u00e1s webhelyekr\u0151l<\/h2>\n\n\n<p><strong class=\"privacy-policy-tutorial\">Javasolt sz\u00f6veg: <\/strong>Az oldalon tal\u00e1lhat\u00f3 cikkek tartalmazhatnak be\u00e1gyazott tartalmat (pl. vide\u00f3kat, k\u00e9peket, cikkeket stb.). M\u00e1s weboldalakr\u00f3l sz\u00e1rmaz\u00f3 be\u00e1gyazott tartalom pontosan ugyan\u00fagy viselkedik, mintha a l\u00e1togat\u00f3 m\u00e1r megl\u00e1togatta volna a m\u00e1sik weboldalt.<\/p>\n\n\n<p>Ezek a weboldalak adatokat gy\u0171jthetnek \u00d6nr\u0151l, s\u00fctiket haszn\u00e1lhatnak, tov\u00e1bbi harmadik f\u00e9lt\u0151l sz\u00e1rmaz\u00f3 nyomk\u00f6vet\u0151ket \u00e1gyazhatnak be, \u00e9s figyelemmel k\u00eds\u00e9rhetik az \u00d6n interakci\u00f3j\u00e1t a be\u00e1gyazott tartalommal, bele\u00e9rtve a be\u00e1gyazott tartalommal val\u00f3 interakci\u00f3 nyomon k\u00f6vet\u00e9s\u00e9t is, ha rendelkezik fi\u00f3kkal \u00e9s be van jelentkezve az adott weboldalra.<\/p>\n\n\n<h2 class=\"wp-block-heading\">Kivel osztjuk meg az adatait<\/h2>\n\n\n<p><strong class=\"privacy-policy-tutorial\">Javasolt sz\u00f6veg: <\/strong>Ha jelsz\u00f3-vissza\u00e1ll\u00edt\u00e1st k\u00e9r, az IP-c\u00edme szerepelni fog a vissza\u00e1ll\u00edt\u00e1si e-mailben.<\/p>\n\n\n<h2 class=\"wp-block-heading\">Mennyi ideig \u0151rizz\u00fck meg az adatait?<\/h2>\n\n\n<p><strong class=\"privacy-policy-tutorial\">Javasolt sz\u00f6veg: <\/strong>Ha hozz\u00e1sz\u00f3l\u00e1st \u00edrsz, a hozz\u00e1sz\u00f3l\u00e1s \u00e9s metaadatai hat\u00e1rozatlan ideig megmaradnak. Ez az\u00e9rt van \u00edgy, hogy automatikusan felismerhess\u00fck \u00e9s j\u00f3v\u00e1hagyhassuk a tov\u00e1bbi hozz\u00e1sz\u00f3l\u00e1sokat a moder\u00e1l\u00e1si sorban tart\u00e1s helyett.<\/p>\n\n\n<p>A weboldalunkon regisztr\u00e1l\u00f3 felhaszn\u00e1l\u00f3k (ha vannak ilyenek) szem\u00e9lyes adatait a felhaszn\u00e1l\u00f3i profiljukban is t\u00e1roljuk. Minden felhaszn\u00e1l\u00f3 b\u00e1rmikor megtekintheti, szerkesztheti vagy t\u00f6r\u00f6lheti szem\u00e9lyes adatait (kiv\u00e9ve, ha nem v\u00e1ltoztathatja meg a felhaszn\u00e1l\u00f3nev\u00e9t). A weboldal adminisztr\u00e1torai szint\u00e9n megtekinthetik \u00e9s szerkeszthetik ezeket az inform\u00e1ci\u00f3kat.<\/p>\n\n\n<h2 class=\"wp-block-heading\">Milyen jogai vannak az adataival kapcsolatban<\/h2>\n\n\n<p><strong class=\"privacy-policy-tutorial\">Javasolt sz\u00f6veg: <\/strong>Ha van fi\u00f3kja ezen az oldalon, vagy hozz\u00e1sz\u00f3l\u00e1st hagyott, k\u00e9rheti, hogy export\u00e1lt f\u00e1jlk\u00e9nt megkapjuk az \u00d6nr\u0151l t\u00e1rolt szem\u00e9lyes adatait, bele\u00e9rtve az \u00d6n \u00e1ltal megadott adatokat is. Azt is k\u00e9rheti, hogy t\u00f6r\u00f6lj\u00fck az \u00d6nr\u0151l t\u00e1rolt szem\u00e9lyes adatait. Ez nem vonatkozik azokra az adatokra, amelyeket adminisztrat\u00edv, jogi vagy biztons\u00e1gi c\u00e9lokb\u00f3l k\u00f6telesek vagyunk meg\u0151rizni.<\/p>\n\n\n<h2 class=\"wp-block-heading\">Hov\u00e1 k\u00fcldik az adatait<\/h2>\n\n\n<p><strong class=\"privacy-policy-tutorial\">Javasolt sz\u00f6veg: <\/strong>A l\u00e1togat\u00f3i hozz\u00e1sz\u00f3l\u00e1sokat egy automatiz\u00e1lt spam-\u00e9szlel\u0151 szolg\u00e1ltat\u00e1s ellen\u0151rizheti.<\/p>","protected":false},"excerpt":{"rendered":"<p>Who we are Suggested text: Our website address is: https:\/\/klasiko.homes. Comments Suggested text: When visitors leave comments on the site we collect the data shown in the comments form, and also the visitor&#8217;s IP address and browser user agent string to help spam detection. An anonymized string created from your email address (also called a [&hellip;]<\/p>\n","protected":false},"author":1,"featured_media":0,"parent":0,"menu_order":0,"comment_status":"closed","ping_status":"closed","template":"","meta":{"_acf_changed":false,"footnotes":""},"class_list":["post-3","page","type-page","status-publish","hentry"],"acf":[],"_links":{"self":[{"href":"https:\/\/klasiko.homes\/hu\/wp-json\/wp\/v2\/pages\/3","targetHints":{"allow":["GET"]}}],"collection":[{"href":"https:\/\/klasiko.homes\/hu\/wp-json\/wp\/v2\/pages"}],"about":[{"href":"https:\/\/klasiko.homes\/hu\/wp-json\/wp\/v2\/types\/page"}],"author":[{"embeddable":true,"href":"https:\/\/klasiko.homes\/hu\/wp-json\/wp\/v2\/users\/1"}],"replies":[{"embeddable":true,"href":"https:\/\/klasiko.homes\/hu\/wp-json\/wp\/v2\/comments?post=3"}],"version-history":[{"count":2,"href":"https:\/\/klasiko.homes\/hu\/wp-json\/wp\/v2\/pages\/3\/revisions"}],"predecessor-version":[{"id":292,"href":"https:\/\/klasiko.homes\/hu\/wp-json\/wp\/v2\/pages\/3\/revisions\/292"}],"wp:attachment":[{"href":"https:\/\/klasiko.homes\/hu\/wp-json\/wp\/v2\/media?parent=3"}],"curies":[{"name":"munkaf\u00fczet","href":"https:\/\/api.w.org\/{rel}","templated":true}]}}