{"id":1470,"date":"2026-01-21T10:27:39","date_gmt":"2026-01-21T09:27:39","guid":{"rendered":"https:\/\/nativo.homes\/?page_id=1470"},"modified":"2026-01-30T01:51:59","modified_gmt":"2026-01-30T00:51:59","slug":"investicije","status":"publish","type":"page","link":"https:\/\/klasiko.homes\/sl\/investicije\/","title":{"rendered":"Nalo\u017ebe"},"content":{"rendered":"<div data-elementor-type=\"wp-page\" data-elementor-id=\"1470\" class=\"elementor elementor-1470\" data-elementor-post-type=\"page\">\n\t\t\t\t<div class=\"elementor-element elementor-element-28fb903 e-flex e-con-boxed e-con e-parent\" data-id=\"28fb903\" data-element_type=\"container\" data-e-type=\"container\" data-settings=\"{&quot;background_background&quot;:&quot;classic&quot;}\">\n\t\t\t\t\t<div class=\"e-con-inner\">\n\t\t\t\t<div class=\"elementor-element elementor-element-4d5ea5c elementor-widget elementor-widget-heading\" data-id=\"4d5ea5c\" data-element_type=\"widget\" data-e-type=\"widget\" data-widget_type=\"heading.default\">\n\t\t\t\t\t<h2 class=\"elementor-heading-title elementor-size-default\">Prihodnost avtohtonega \u017eivljenja<\/h2>\t\t\t\t<\/div>\n\t\t\t\t<div class=\"elementor-element elementor-element-361d5aa elementor-widget__width-initial elementor-widget-mobile__width-inherit elementor-widget elementor-widget-text-editor\" data-id=\"361d5aa\" data-element_type=\"widget\" data-e-type=\"widget\" data-widget_type=\"text-editor.default\">\n\t\t\t\t\t\t\t\t\t<p>Zdru\u017eujemo brez\u010dasno estetiko z iznajdljivostjo sodobne tehnologije. Na\u0161a stran z inovacijami bo kmalu odprla svoja vrata.<\/p>\t\t\t\t\t\t\t\t<\/div>\n\t\t\t\t\t<\/div>\n\t\t\t\t<\/div>\n\t\t\t\t<\/div>","protected":false},"excerpt":{"rendered":"<p>Budu\u0107nost Nativo \u017eivljenja Spajamo bezvremensku estetiku s genijalno\u0161\u0107u moderne tehnologije. Na\u0161a stranica o inovacijama otvara svoja vrata uskoro.<\/p>","protected":false},"author":1,"featured_media":0,"parent":0,"menu_order":0,"comment_status":"closed","ping_status":"closed","template":"","meta":{"_acf_changed":false,"footnotes":""},"class_list":["post-1470","page","type-page","status-publish","hentry"],"acf":[],"_links":{"self":[{"href":"https:\/\/klasiko.homes\/sl\/wp-json\/wp\/v2\/pages\/1470","targetHints":{"allow":["GET"]}}],"collection":[{"href":"https:\/\/klasiko.homes\/sl\/wp-json\/wp\/v2\/pages"}],"about":[{"href":"https:\/\/klasiko.homes\/sl\/wp-json\/wp\/v2\/types\/page"}],"author":[{"embeddable":true,"href":"https:\/\/klasiko.homes\/sl\/wp-json\/wp\/v2\/users\/1"}],"replies":[{"embeddable":true,"href":"https:\/\/klasiko.homes\/sl\/wp-json\/wp\/v2\/comments?post=1470"}],"version-history":[{"count":10,"href":"https:\/\/klasiko.homes\/sl\/wp-json\/wp\/v2\/pages\/1470\/revisions"}],"predecessor-version":[{"id":1780,"href":"https:\/\/klasiko.homes\/sl\/wp-json\/wp\/v2\/pages\/1470\/revisions\/1780"}],"wp:attachment":[{"href":"https:\/\/klasiko.homes\/sl\/wp-json\/wp\/v2\/media?parent=1470"}],"curies":[{"name":"delovni list","href":"https:\/\/api.w.org\/{rel}","templated":true}]}}